{"id":38171,"date":"2017-08-02T16:56:55","date_gmt":"2017-08-02T15:56:55","guid":{"rendered":"https:\/\/camylle2025.coteweb.net\/produit\/parfums-de-spa-le-delicat-150ml\/"},"modified":"2026-01-14T12:18:20","modified_gmt":"2026-01-14T10:18:20","slug":"parfums-de-spa-le-delicat-150ml","status":"publish","type":"product","link":"https:\/\/camylle2025.coteweb.net\/en\/produit\/parfums-de-spa-le-delicat-150ml\/","title":{"rendered":"Parfums de spa &#8211; Le D\u00e9licat 150ml"},"content":{"rendered":"<div id=\"zone1\" class=\"zone\">\n<div class=\"textes\">\n<div class=\"p1\">\n<p>Camylle laboratories have surrounded themselves with the <strong>best perfumers<\/strong> from the pure French tradition to compose four distinguished fragrances with an absolute requirement: to work <strong>exclusively with essential oils and raw materials of natural origin<\/strong>. <strong>The result is Le D\u00e9licat, L&#8217;El\u00e9gant, L&#8217;Instinctif and Le Sophistiqu\u00e9<\/strong>. <\/p>\n<p>These four subtle fragrances are also presented in <strong>a<\/strong> 150ml <strong>home fragrance spray<\/strong>, highly concentrated in naturally-derived odorants with pleasant, seductive scents.<\/p>\n<p>With no preservatives, harmful solvents or synthetic fragrances, this spray-on home fragrance is <strong>100% natural.<\/strong><\/p>\n<\/div>\n<\/div>\n<\/div>\n","protected":false},"excerpt":{"rendered":"<p style=\"background: #FFFFFF;\"><strong>A delicious journey to the Mediterranean, with citrus accents and a soft, dewy floral tone.<\/strong><br \/>\nA floral note with top notes of orange and lemon, combined with heart notes of petitgrain and rosewood, and base notes of orange blossom and caramel.<\/p>\n","protected":false},"featured_media":38160,"template":"","meta":[],"product_brand":[],"product_cat":[513,507,516],"product_tag":[],"class_list":{"0":"post-38171","1":"product","2":"type-product","3":"status-publish","4":"has-post-thumbnail","6":"product_cat-home-fragrance","7":"product_cat-le-delicat","8":"product_cat-parfum-essence-de-spa-sauna-hammam","9":"pa_contenance-150ml-spray-2","11":"first","12":"instock","13":"taxable","14":"shipping-taxable","15":"purchasable","16":"product-type-variable","17":"has-default-attributes"},"yoast_head":"<!-- This site is optimized with the Yoast SEO plugin v27.4 - https:\/\/yoast.com\/product\/yoast-seo-wordpress\/ -->\n<title>Parfums de spa - Le D\u00e9licat 150ml - Camylle<\/title>\n<meta name=\"robots\" content=\"noindex, follow, max-snippet:-1, max-image-preview:large, max-video-preview:-1\" \/>\n<meta property=\"og:locale\" content=\"en_US\" \/>\n<meta property=\"og:type\" content=\"article\" \/>\n<meta property=\"og:title\" content=\"Parfums de spa - Le D\u00e9licat 150ml - Camylle\" \/>\n<meta property=\"og:description\" content=\"A delicious journey to the Mediterranean, with citrus accents and a soft, dewy floral tone. A floral note with top notes of orange and lemon, combined with heart notes of petitgrain and rosewood, and base notes of orange blossom and caramel.\" \/>\n<meta property=\"og:url\" content=\"https:\/\/camylle2025.coteweb.net\/produit\/parfum-de-spa-le-delicat-150ml\/\" \/>\n<meta property=\"og:site_name\" content=\"Camylle\" \/>\n<meta property=\"article:modified_time\" content=\"2026-01-14T10:18:20+00:00\" \/>\n<meta property=\"og:image\" content=\"https:\/\/camylle2025.coteweb.net\/wp-content\/uploads\/2017\/08\/PSDE-scaled.jpg\" \/>\n\t<meta property=\"og:image:width\" content=\"1448\" \/>\n\t<meta property=\"og:image:height\" content=\"2048\" \/>\n\t<meta property=\"og:image:type\" content=\"image\/jpeg\" \/>\n<meta name=\"twitter:card\" content=\"summary_large_image\" \/>\n<script type=\"application\/ld+json\" class=\"yoast-schema-graph\">{\"@context\":\"https:\\\/\\\/schema.org\",\"@graph\":[{\"@type\":\"WebPage\",\"@id\":\"https:\\\/\\\/camylle2025.coteweb.net\\\/produit\\\/parfum-de-spa-le-delicat-150ml\\\/\",\"url\":\"https:\\\/\\\/camylle2025.coteweb.net\\\/produit\\\/parfum-de-spa-le-delicat-150ml\\\/\",\"name\":\"Parfums de spa - Le D\u00e9licat 150ml - Camylle\",\"isPartOf\":{\"@id\":\"https:\\\/\\\/camylle2025.coteweb.net\\\/#website\"},\"primaryImageOfPage\":{\"@id\":\"https:\\\/\\\/camylle2025.coteweb.net\\\/produit\\\/parfum-de-spa-le-delicat-150ml\\\/#primaryimage\"},\"image\":{\"@id\":\"https:\\\/\\\/camylle2025.coteweb.net\\\/produit\\\/parfum-de-spa-le-delicat-150ml\\\/#primaryimage\"},\"thumbnailUrl\":\"https:\\\/\\\/camylle2025.coteweb.net\\\/wp-content\\\/uploads\\\/2017\\\/08\\\/PSDE-scaled.jpg\",\"datePublished\":\"2017-08-02T15:56:55+00:00\",\"dateModified\":\"2026-01-14T10:18:20+00:00\",\"breadcrumb\":{\"@id\":\"https:\\\/\\\/camylle2025.coteweb.net\\\/produit\\\/parfum-de-spa-le-delicat-150ml\\\/#breadcrumb\"},\"inLanguage\":\"en-US\",\"potentialAction\":[{\"@type\":\"ReadAction\",\"target\":[\"https:\\\/\\\/camylle2025.coteweb.net\\\/produit\\\/parfum-de-spa-le-delicat-150ml\\\/\"]}]},{\"@type\":\"ImageObject\",\"inLanguage\":\"en-US\",\"@id\":\"https:\\\/\\\/camylle2025.coteweb.net\\\/produit\\\/parfum-de-spa-le-delicat-150ml\\\/#primaryimage\",\"url\":\"https:\\\/\\\/camylle2025.coteweb.net\\\/wp-content\\\/uploads\\\/2017\\\/08\\\/PSDE-scaled.jpg\",\"contentUrl\":\"https:\\\/\\\/camylle2025.coteweb.net\\\/wp-content\\\/uploads\\\/2017\\\/08\\\/PSDE-scaled.jpg\",\"width\":1448,\"height\":2048},{\"@type\":\"BreadcrumbList\",\"@id\":\"https:\\\/\\\/camylle2025.coteweb.net\\\/produit\\\/parfum-de-spa-le-delicat-150ml\\\/#breadcrumb\",\"itemListElement\":[{\"@type\":\"ListItem\",\"position\":1,\"name\":\"Accueil\",\"item\":\"https:\\\/\\\/camylle2025.coteweb.net\\\/en\\\/\"},{\"@type\":\"ListItem\",\"position\":2,\"name\":\"Produits\",\"item\":\"https:\\\/\\\/camylle2025.coteweb.net\\\/shop\\\/\"},{\"@type\":\"ListItem\",\"position\":3,\"name\":\"Gammes pr\u00e9cieuses\",\"item\":\"https:\\\/\\\/camylle2025.coteweb.net\\\/categories\\\/nos-gammes-precieuses-huiles-pour-le-spa-sauna-hammam\\\/\"},{\"@type\":\"ListItem\",\"position\":4,\"name\":\"Parfums de Spa\",\"item\":\"https:\\\/\\\/camylle2025.coteweb.net\\\/categories\\\/nos-gammes-precieuses-huiles-pour-le-spa-sauna-hammam\\\/parfum-essence-de-spa-sauna-hammam\\\/\"},{\"@type\":\"ListItem\",\"position\":5,\"name\":\"Parfums de spa - Le D\u00e9licat 150ml\"}]},{\"@type\":\"WebSite\",\"@id\":\"https:\\\/\\\/camylle2025.coteweb.net\\\/#website\",\"url\":\"https:\\\/\\\/camylle2025.coteweb.net\\\/\",\"name\":\"Camylle\",\"description\":\"Les Laboratoires Camylle\",\"publisher\":{\"@id\":\"https:\\\/\\\/camylle2025.coteweb.net\\\/#organization\"},\"potentialAction\":[{\"@type\":\"SearchAction\",\"target\":{\"@type\":\"EntryPoint\",\"urlTemplate\":\"https:\\\/\\\/camylle2025.coteweb.net\\\/?s={search_term_string}\"},\"query-input\":{\"@type\":\"PropertyValueSpecification\",\"valueRequired\":true,\"valueName\":\"search_term_string\"}}],\"inLanguage\":\"en-US\"},{\"@type\":\"Organization\",\"@id\":\"https:\\\/\\\/camylle2025.coteweb.net\\\/#organization\",\"name\":\"Camylle\",\"url\":\"https:\\\/\\\/camylle2025.coteweb.net\\\/\",\"logo\":{\"@type\":\"ImageObject\",\"inLanguage\":\"en-US\",\"@id\":\"https:\\\/\\\/camylle2025.coteweb.net\\\/#\\\/schema\\\/logo\\\/image\\\/\",\"url\":\"https:\\\/\\\/camylle2025.coteweb.net\\\/wp-content\\\/uploads\\\/2025\\\/02\\\/cropped-cropped-cropped-logo-camylle.png\",\"contentUrl\":\"https:\\\/\\\/camylle2025.coteweb.net\\\/wp-content\\\/uploads\\\/2025\\\/02\\\/cropped-cropped-cropped-logo-camylle.png\",\"width\":195,\"height\":186,\"caption\":\"Camylle\"},\"image\":{\"@id\":\"https:\\\/\\\/camylle2025.coteweb.net\\\/#\\\/schema\\\/logo\\\/image\\\/\"}}]}<\/script>\n<!-- \/ Yoast SEO plugin. -->","yoast_head_json":{"title":"Parfums de spa - Le D\u00e9licat 150ml - Camylle","robots":{"index":"noindex","follow":"follow","max-snippet":"max-snippet:-1","max-image-preview":"max-image-preview:large","max-video-preview":"max-video-preview:-1"},"og_locale":"en_US","og_type":"article","og_title":"Parfums de spa - Le D\u00e9licat 150ml - Camylle","og_description":"A delicious journey to the Mediterranean, with citrus accents and a soft, dewy floral tone. A floral note with top notes of orange and lemon, combined with heart notes of petitgrain and rosewood, and base notes of orange blossom and caramel.","og_url":"https:\/\/camylle2025.coteweb.net\/produit\/parfum-de-spa-le-delicat-150ml\/","og_site_name":"Camylle","article_modified_time":"2026-01-14T10:18:20+00:00","og_image":[{"width":1448,"height":2048,"url":"https:\/\/camylle2025.coteweb.net\/wp-content\/uploads\/2017\/08\/PSDE-scaled.jpg","type":"image\/jpeg"}],"twitter_card":"summary_large_image","schema":{"@context":"https:\/\/schema.org","@graph":[{"@type":"WebPage","@id":"https:\/\/camylle2025.coteweb.net\/produit\/parfum-de-spa-le-delicat-150ml\/","url":"https:\/\/camylle2025.coteweb.net\/produit\/parfum-de-spa-le-delicat-150ml\/","name":"Parfums de spa - Le D\u00e9licat 150ml - Camylle","isPartOf":{"@id":"https:\/\/camylle2025.coteweb.net\/#website"},"primaryImageOfPage":{"@id":"https:\/\/camylle2025.coteweb.net\/produit\/parfum-de-spa-le-delicat-150ml\/#primaryimage"},"image":{"@id":"https:\/\/camylle2025.coteweb.net\/produit\/parfum-de-spa-le-delicat-150ml\/#primaryimage"},"thumbnailUrl":"https:\/\/camylle2025.coteweb.net\/wp-content\/uploads\/2017\/08\/PSDE-scaled.jpg","datePublished":"2017-08-02T15:56:55+00:00","dateModified":"2026-01-14T10:18:20+00:00","breadcrumb":{"@id":"https:\/\/camylle2025.coteweb.net\/produit\/parfum-de-spa-le-delicat-150ml\/#breadcrumb"},"inLanguage":"en-US","potentialAction":[{"@type":"ReadAction","target":["https:\/\/camylle2025.coteweb.net\/produit\/parfum-de-spa-le-delicat-150ml\/"]}]},{"@type":"ImageObject","inLanguage":"en-US","@id":"https:\/\/camylle2025.coteweb.net\/produit\/parfum-de-spa-le-delicat-150ml\/#primaryimage","url":"https:\/\/camylle2025.coteweb.net\/wp-content\/uploads\/2017\/08\/PSDE-scaled.jpg","contentUrl":"https:\/\/camylle2025.coteweb.net\/wp-content\/uploads\/2017\/08\/PSDE-scaled.jpg","width":1448,"height":2048},{"@type":"BreadcrumbList","@id":"https:\/\/camylle2025.coteweb.net\/produit\/parfum-de-spa-le-delicat-150ml\/#breadcrumb","itemListElement":[{"@type":"ListItem","position":1,"name":"Accueil","item":"https:\/\/camylle2025.coteweb.net\/en\/"},{"@type":"ListItem","position":2,"name":"Produits","item":"https:\/\/camylle2025.coteweb.net\/shop\/"},{"@type":"ListItem","position":3,"name":"Gammes pr\u00e9cieuses","item":"https:\/\/camylle2025.coteweb.net\/categories\/nos-gammes-precieuses-huiles-pour-le-spa-sauna-hammam\/"},{"@type":"ListItem","position":4,"name":"Parfums de Spa","item":"https:\/\/camylle2025.coteweb.net\/categories\/nos-gammes-precieuses-huiles-pour-le-spa-sauna-hammam\/parfum-essence-de-spa-sauna-hammam\/"},{"@type":"ListItem","position":5,"name":"Parfums de spa - Le D\u00e9licat 150ml"}]},{"@type":"WebSite","@id":"https:\/\/camylle2025.coteweb.net\/#website","url":"https:\/\/camylle2025.coteweb.net\/","name":"Camylle","description":"Les Laboratoires Camylle","publisher":{"@id":"https:\/\/camylle2025.coteweb.net\/#organization"},"potentialAction":[{"@type":"SearchAction","target":{"@type":"EntryPoint","urlTemplate":"https:\/\/camylle2025.coteweb.net\/?s={search_term_string}"},"query-input":{"@type":"PropertyValueSpecification","valueRequired":true,"valueName":"search_term_string"}}],"inLanguage":"en-US"},{"@type":"Organization","@id":"https:\/\/camylle2025.coteweb.net\/#organization","name":"Camylle","url":"https:\/\/camylle2025.coteweb.net\/","logo":{"@type":"ImageObject","inLanguage":"en-US","@id":"https:\/\/camylle2025.coteweb.net\/#\/schema\/logo\/image\/","url":"https:\/\/camylle2025.coteweb.net\/wp-content\/uploads\/2025\/02\/cropped-cropped-cropped-logo-camylle.png","contentUrl":"https:\/\/camylle2025.coteweb.net\/wp-content\/uploads\/2025\/02\/cropped-cropped-cropped-logo-camylle.png","width":195,"height":186,"caption":"Camylle"},"image":{"@id":"https:\/\/camylle2025.coteweb.net\/#\/schema\/logo\/image\/"}}]}},"_links":{"self":[{"href":"https:\/\/camylle2025.coteweb.net\/en\/wp-json\/wp\/v2\/product\/38171","targetHints":{"allow":["GET"]}}],"collection":[{"href":"https:\/\/camylle2025.coteweb.net\/en\/wp-json\/wp\/v2\/product"}],"about":[{"href":"https:\/\/camylle2025.coteweb.net\/en\/wp-json\/wp\/v2\/types\/product"}],"version-history":[{"count":1,"href":"https:\/\/camylle2025.coteweb.net\/en\/wp-json\/wp\/v2\/product\/38171\/revisions"}],"predecessor-version":[{"id":46283,"href":"https:\/\/camylle2025.coteweb.net\/en\/wp-json\/wp\/v2\/product\/38171\/revisions\/46283"}],"wp:featuredmedia":[{"embeddable":true,"href":"https:\/\/camylle2025.coteweb.net\/en\/wp-json\/wp\/v2\/media\/38160"}],"wp:attachment":[{"href":"https:\/\/camylle2025.coteweb.net\/en\/wp-json\/wp\/v2\/media?parent=38171"}],"wp:term":[{"taxonomy":"product_brand","embeddable":true,"href":"https:\/\/camylle2025.coteweb.net\/en\/wp-json\/wp\/v2\/product_brand?post=38171"},{"taxonomy":"product_cat","embeddable":true,"href":"https:\/\/camylle2025.coteweb.net\/en\/wp-json\/wp\/v2\/product_cat?post=38171"},{"taxonomy":"product_tag","embeddable":true,"href":"https:\/\/camylle2025.coteweb.net\/en\/wp-json\/wp\/v2\/product_tag?post=38171"}],"curies":[{"name":"wp","href":"https:\/\/api.w.org\/{rel}","templated":true}]}}